{"id":25,"date":"2023-08-22T06:50:04","date_gmt":"2023-08-22T06:50:04","guid":{"rendered":"https:\/\/dreamy-mirzakhani.178-20-101-21.plesk.page\/?page_id=25"},"modified":"2025-03-31T16:10:50","modified_gmt":"2025-03-31T16:10:50","slug":"kontakt","status":"publish","type":"page","link":"https:\/\/operado.de\/index.php\/kontakt\/","title":{"rendered":"Kontakt"},"content":{"rendered":"<div data-colibri-id=\"25-c1\" class=\"style-984 style-local-25-c1 position-relative\">\n  <!---->\n  <div data-colibri-component=\"section\" data-colibri-id=\"25-c2\" id=\"custom\" class=\"h-section h-section-global-spacing d-flex align-items-lg-center align-items-md-center align-items-center style-995 style-local-25-c2 position-relative\">\n    <!---->\n    <!---->\n    <div class=\"h-section-grid-container h-section-boxed-container\">\n      <!---->\n      <div data-colibri-id=\"25-c3\" class=\"h-row-container gutters-row-lg-2 gutters-row-md-2 gutters-row-0 gutters-row-v-lg-2 gutters-row-v-md-2 gutters-row-v-2 style-998 style-local-25-c3 position-relative\">\n        <!---->\n        <div class=\"h-row justify-content-lg-center justify-content-md-center justify-content-center align-items-lg-stretch align-items-md-stretch align-items-stretch gutters-col-lg-2 gutters-col-md-2 gutters-col-0 gutters-col-v-lg-2 gutters-col-v-md-2 gutters-col-v-2\">\n          <!---->\n          <div class=\"h-column h-column-container d-flex h-col-lg-auto h-col-md-auto h-col-auto style-999-outer style-local-25-c4-outer\">\n            <div data-colibri-id=\"25-c4\" class=\"d-flex h-flex-basis h-column__inner h-px-lg-2 h-px-md-2 h-px-2 v-inner-lg-2 v-inner-md-2 v-inner-2 style-999 style-local-25-c4 position-relative\">\n              <!---->\n              <!---->\n              <div class=\"w-100 h-y-container h-column__content h-column__v-align flex-basis-100 align-self-lg-start align-self-md-start align-self-start\">\n                <!---->\n                <div data-colibri-id=\"25-c5\" class=\"style-1000 style-local-25-c5 position-relative h-element\">\n                  <!---->\n                <\/div>\n              <\/div>\n            <\/div>\n          <\/div>\n        <\/div>\n      <\/div>\n      <div data-colibri-id=\"25-c6\" class=\"h-row-container gutters-row-lg-2 gutters-row-md-2 gutters-row-0 gutters-row-v-lg-2 gutters-row-v-md-2 gutters-row-v-2 style-1246 style-local-25-c6 position-relative\">\n        <!---->\n        <div class=\"h-row justify-content-lg-center justify-content-md-center justify-content-center align-items-lg-stretch align-items-md-stretch align-items-stretch gutters-col-lg-2 gutters-col-md-2 gutters-col-0 gutters-col-v-lg-2 gutters-col-v-md-2 gutters-col-v-2\">\n          <!---->\n          <div class=\"h-column h-column-container d-flex h-col-lg-auto h-col-md-auto h-col-auto style-1247-outer style-local-25-c7-outer\">\n            <div data-colibri-id=\"25-c7\" class=\"d-flex h-flex-basis h-column__inner h-px-lg-2 h-px-md-2 h-px-2 v-inner-lg-2 v-inner-md-2 v-inner-2 style-1247 style-local-25-c7 position-relative\">\n              <!---->\n              <!---->\n              <div class=\"w-100 h-y-container h-column__content h-column__v-align flex-basis-100 align-self-lg-start align-self-md-start align-self-start\">\n                <!---->\n                <div data-colibri-id=\"25-c8\" class=\"h-global-transition-all h-heading style-1003 style-local-25-c8 position-relative h-element\">\n                  <!---->\n                  <div class=\"h-heading__outer style-1003 style-local-25-c8\">\n                    <!---->\n                    <!---->\n                    <h1 class=\"\">Kontaktanfrage<\/h1>\n                  <\/div>\n                <\/div>\n              <\/div>\n            <\/div>\n          <\/div>\n          <div class=\"h-column h-column-container d-flex h-col-lg-auto h-col-md-auto h-col-auto style-1248-outer style-local-25-c9-outer\">\n            <div data-colibri-id=\"25-c9\" class=\"d-flex h-flex-basis h-column__inner h-px-lg-2 h-px-md-2 h-px-2 v-inner-lg-2 v-inner-md-2 v-inner-2 style-1248 style-local-25-c9 position-relative\">\n              <!---->\n              <!---->\n              <div class=\"w-100 h-y-container h-column__content h-column__v-align flex-basis-100 align-self-lg-start align-self-md-start align-self-start\">\n                <!---->\n                <div data-colibri-id=\"25-c10\" class=\"h-text h-text-component style-1249 style-local-25-c10 position-relative h-element\">\n                  <!---->\n                  <!---->\n                  <div class=\"\">\n                    <p>operado GmbH\n                      <br>Mintarder Weg 119\n                      <br>40885 Ratingen<\/p>\n                  <\/div>\n                <\/div>\n              <\/div>\n            <\/div>\n          <\/div>\n        <\/div>\n      <\/div>\n      <div data-colibri-id=\"25-c11\" class=\"h-row-container gutters-row-lg-2 gutters-row-md-2 gutters-row-0 gutters-row-v-lg-2 gutters-row-v-md-2 gutters-row-v-2 style-1006 style-local-25-c11 position-relative\">\n        <!---->\n        <div class=\"h-row justify-content-lg-center justify-content-md-center justify-content-center align-items-lg-stretch align-items-md-stretch align-items-stretch gutters-col-lg-2 gutters-col-md-2 gutters-col-0 gutters-col-v-lg-2 gutters-col-v-md-2 gutters-col-v-2\">\n          <!---->\n          <div class=\"h-column h-column-container d-flex h-col-lg-auto h-col-md-auto h-col-auto style-1007-outer style-local-25-c12-outer\">\n            <div data-colibri-id=\"25-c12\" class=\"d-flex h-flex-basis h-column__inner h-px-lg-2 h-px-md-2 h-px-2 v-inner-lg-2 v-inner-md-2 v-inner-2 style-1007 style-local-25-c12 position-relative\">\n              <!---->\n              <!---->\n              <div class=\"w-100 h-y-container h-column__content h-column__v-align flex-basis-100 align-self-lg-start align-self-md-start align-self-start\">\n                <!---->\n                <div data-colibri-id=\"25-c13\" class=\"h-contact-form__outer--forminator style-1005 style-local-25-c13 position-relative h-element\">\n                  <!---->\n                  <div class=\"h-global-transition-all h-global-transition h-global-transition-all h-contact-form-shortcode\"><div class=\"forminator-ui forminator-custom-form forminator-custom-form-864 forminator-design--default  forminator_ajax\" data-forminator-render=\"0\" data-form=\"forminator-module-864\" data-uid=\"6a04674038c8e\"><br\/><\/div><form\n\t\t\t\tid=\"forminator-module-864\"\n\t\t\t\tclass=\"forminator-ui forminator-custom-form forminator-custom-form-864 forminator-design--default  forminator_ajax\"\n\t\t\t\tmethod=\"post\"\n\t\t\t\tdata-forminator-render=\"0\"\n\t\t\t\tdata-form-id=\"864\"\n\t\t\t\t data-color-option=\"theme\" data-design=\"default\" data-grid=\"open\" style=\"display: none;\"\n\t\t\t\tdata-uid=\"6a04674038c8e\"\n\t\t\t><div role=\"alert\" aria-live=\"polite\" class=\"forminator-response-message forminator-error\" aria-hidden=\"true\"><\/div><div class=\"forminator-row\"><div id=\"name-1\" class=\"forminator-field-name forminator-col forminator-col-6 \"><div class=\"forminator-field\"><label for=\"forminator-field-name-1_6a04674038c8e\" id=\"forminator-field-name-1_6a04674038c8e-label\" class=\"forminator-label\">Vorname <span class=\"forminator-required\">*<\/span><\/label><input type=\"text\" name=\"name-1\" value=\"\" placeholder=\"Vorname\" id=\"forminator-field-name-1_6a04674038c8e\" class=\"forminator-input forminator-name--field\" aria-required=\"true\" autocomplete=\"name\" \/><\/div><\/div><div id=\"name-2\" class=\"forminator-field-name forminator-col forminator-col-6 \"><div class=\"forminator-field\"><label for=\"forminator-field-name-2_6a04674038c8e\" id=\"forminator-field-name-2_6a04674038c8e-label\" class=\"forminator-label\">Name <span class=\"forminator-required\">*<\/span><\/label><input type=\"text\" name=\"name-2\" value=\"\" placeholder=\"Name\" id=\"forminator-field-name-2_6a04674038c8e\" class=\"forminator-input forminator-name--field\" aria-required=\"true\" autocomplete=\"name\" \/><\/div><\/div><\/div><div class=\"forminator-row\"><div id=\"email-1\" class=\"forminator-field-email forminator-col forminator-col-6 \"><div class=\"forminator-field\"><label for=\"forminator-field-email-1_6a04674038c8e\" id=\"forminator-field-email-1_6a04674038c8e-label\" class=\"forminator-label\">E-Mail-Adresse <span class=\"forminator-required\">*<\/span><\/label><input type=\"email\" name=\"email-1\" value=\"\" placeholder=\"z. B. max@mustermann.de\" id=\"forminator-field-email-1_6a04674038c8e\" class=\"forminator-input forminator-email--field\" data-required=\"true\" aria-required=\"true\" autocomplete=\"email\" \/><\/div><\/div><div id=\"phone-1\" class=\"forminator-field-phone forminator-col forminator-col-6 \"><div class=\"forminator-field\"><label for=\"forminator-field-phone-1_6a04674038c8e\" id=\"forminator-field-phone-1_6a04674038c8e-label\" class=\"forminator-label\">Telefonnummer<\/label><input type=\"text\" name=\"phone-1\" value=\"\" placeholder=\"(optional)\" id=\"forminator-field-phone-1_6a04674038c8e\" class=\"forminator-input forminator-field--phone\" data-required=\"\" aria-required=\"false\" autocomplete=\"off\" \/><\/div><\/div><\/div><div class=\"forminator-row\"><div id=\"checkbox-2\" class=\"forminator-field-checkbox forminator-col forminator-col-12 \"><div role=\"group\" class=\"forminator-field\" aria-labelledby=\"forminator-checkbox-group-forminator-field-checkbox-2-6a04674038c8e-label\"><span id=\"forminator-checkbox-group-forminator-field-checkbox-2-6a04674038c8e-label\" class=\"forminator-label\">Anfrage<\/span><label id=\"forminator-field-checkbox-2-1-6a04674038c8e-label\" for=\"forminator-field-checkbox-2-1-6a04674038c8e\" class=\"forminator-checkbox\" title=\"Projektmanagement\"><input type=\"checkbox\" name=\"checkbox-2[]\" value=\"one\" id=\"forminator-field-checkbox-2-1-6a04674038c8e\" aria-labelledby=\"forminator-field-checkbox-2-1-6a04674038c8e-label\" data-calculation=\"0\"   data-hidden-behavior=\"zero\"\/><span class=\"forminator-checkbox-box\" aria-hidden=\"true\"><\/span><span class=\"forminator-checkbox-label\">Projektmanagement<\/span><\/label><label id=\"forminator-field-checkbox-2-2-6a04674038c8e-label\" for=\"forminator-field-checkbox-2-2-6a04674038c8e\" class=\"forminator-checkbox\" title=\"Workshop\"><input type=\"checkbox\" name=\"checkbox-2[]\" value=\"two\" id=\"forminator-field-checkbox-2-2-6a04674038c8e\" aria-labelledby=\"forminator-field-checkbox-2-2-6a04674038c8e-label\" data-calculation=\"0\"   data-hidden-behavior=\"zero\"\/><span class=\"forminator-checkbox-box\" aria-hidden=\"true\"><\/span><span class=\"forminator-checkbox-label\">Workshop<\/span><\/label><label id=\"forminator-field-checkbox-2-3-6a04674038c8e-label\" for=\"forminator-field-checkbox-2-3-6a04674038c8e\" class=\"forminator-checkbox\" title=\"Sonstiges\"><input type=\"checkbox\" name=\"checkbox-2[]\" value=\"Sonstiges\" id=\"forminator-field-checkbox-2-3-6a04674038c8e\" aria-labelledby=\"forminator-field-checkbox-2-3-6a04674038c8e-label\" data-calculation=\"0\"   data-hidden-behavior=\"zero\"\/><span class=\"forminator-checkbox-box\" aria-hidden=\"true\"><\/span><span class=\"forminator-checkbox-label\">Sonstiges<\/span><\/label><\/div><\/div><\/div><div class=\"forminator-row\"><div id=\"textarea-1\" class=\"forminator-field-textarea forminator-col forminator-col-12 \"><div class=\"forminator-field\"><label for=\"forminator-field-textarea-1_6a04674038c8e\" id=\"forminator-field-textarea-1_6a04674038c8e-label\" class=\"forminator-label\">Nachricht<\/label><span id=\"forminator-field-textarea-1_6a04674038c8e-description\" class=\"forminator-description\"><span data-limit=\"180\" data-type=\"characters\" data-editor=\"\">0 \/ 180<\/span><\/span><textarea name=\"textarea-1\" placeholder=\"Gib deine Nachricht ein...\" id=\"forminator-field-textarea-1_6a04674038c8e\" class=\"forminator-textarea\" rows=\"6\" style=\"--forminator-textarea-min-height:140px;\" maxlength=\"180\" ><\/textarea><\/div><\/div><\/div><div class=\"forminator-row\"><div id=\"checkbox-1\" class=\"forminator-field-checkbox forminator-col forminator-col-12 \"><div role=\"group\" class=\"forminator-field required\" aria-labelledby=\"forminator-checkbox-group-forminator-field-checkbox-1-6a04674038c8e-label\"><span id=\"forminator-checkbox-group-forminator-field-checkbox-1-6a04674038c8e-label\" class=\"forminator-label\">Ich stimme hiermit zu, dass meine Angaben in diesem Formular nach dem Absenden gesch\u00e4ftszweckgebunden gespeichert und verarbeitet werden d\u00fcrfen. *Datenschutzhinweis: Die hier gemachten Angaben werden wir ausschlie\u00dflich f\u00fcr den in diesem Formular genannten Gesch\u00e4ftszweck nutzen. Weitere Details entnehmen Sie bitte unserer vollst\u00e4ndigen Datenschutzerkl\u00e4rung. <span class=\"forminator-required\">*<\/span><\/span><label id=\"forminator-field-checkbox-1-1-6a04674038c8e-label\" for=\"forminator-field-checkbox-1-1-6a04674038c8e\" class=\"forminator-checkbox\" title=\"Zustimmung\"><input type=\"checkbox\" name=\"checkbox-1[]\" value=\"one\" id=\"forminator-field-checkbox-1-1-6a04674038c8e\" aria-labelledby=\"forminator-field-checkbox-1-1-6a04674038c8e-label\" data-calculation=\"0\"   data-hidden-behavior=\"zero\"\/><span class=\"forminator-checkbox-box\" aria-hidden=\"true\"><\/span><span class=\"forminator-checkbox-label\">Zustimmung<\/span><\/label><\/div><\/div><\/div><input type=\"hidden\" name=\"referer_url\" value=\"\" \/><div class=\"forminator-row forminator-row-last\"><div class=\"forminator-col\"><div class=\"forminator-field\"><button class=\"forminator-button forminator-button-submit\">Nachricht senden<\/button><\/div><\/div><\/div><input type=\"hidden\" id=\"forminator_nonce\" name=\"forminator_nonce\" value=\"8a66d57b37\" \/><input type=\"hidden\" name=\"_wp_http_referer\" value=\"\/index.php\/wp-json\/wp\/v2\/pages\/25\" \/><input type=\"hidden\" name=\"form_id\" value=\"864\"><input type=\"hidden\" name=\"page_id\" value=\"25\"><input type=\"hidden\" name=\"form_type\" value=\"default\"><input type=\"hidden\" name=\"current_url\" value=\"https:\/\/operado.de\/index.php\/kontakt\/\"><input type=\"hidden\" name=\"render_id\" value=\"0\"><input type=\"hidden\" name=\"action\" value=\"forminator_submit_form_custom-forms\"><\/form><\/div>\n                <\/div>\n              <\/div>\n            <\/div>\n          <\/div>\n        <\/div>\n      <\/div>\n    <\/div>\n  <\/div>\n<\/div>","protected":false},"excerpt":{"rendered":"<p>Kontaktanfrage operado GmbH Mintarder Weg 119 40885 Ratingen<\/p>\n","protected":false},"author":1,"featured_media":0,"parent":0,"menu_order":0,"comment_status":"closed","ping_status":"closed","template":"page-templates\/full-width-page.php","meta":{"footnotes":""},"class_list":["post-25","page","type-page","status-publish","hentry"],"yoast_head":"<!-- This site is optimized with the Yoast SEO plugin v27.6 - https:\/\/yoast.com\/product\/yoast-seo-wordpress\/ -->\n<title>Kontakt - IT-Projektmanagement +++ LEGO\u00ae SERIOUS PLAY\u00ae Workshops<\/title>\n<meta name=\"robots\" content=\"index, follow, max-snippet:-1, max-image-preview:large, max-video-preview:-1\" \/>\n<link rel=\"canonical\" href=\"https:\/\/operado.de\/index.php\/kontakt\/\" \/>\n<meta property=\"og:locale\" content=\"de_DE\" \/>\n<meta property=\"og:type\" content=\"article\" \/>\n<meta property=\"og:title\" content=\"Kontakt - IT-Projektmanagement +++ LEGO\u00ae SERIOUS PLAY\u00ae Workshops\" \/>\n<meta property=\"og:description\" content=\"Kontaktanfrage operado GmbH Mintarder Weg 119 40885 Ratingen\" \/>\n<meta property=\"og:url\" content=\"https:\/\/operado.de\/index.php\/kontakt\/\" \/>\n<meta property=\"og:site_name\" content=\"IT-Projektmanagement +++ LEGO\u00ae SERIOUS PLAY\u00ae Workshops\" \/>\n<meta property=\"article:modified_time\" content=\"2025-03-31T16:10:50+00:00\" \/>\n<meta name=\"twitter:card\" content=\"summary_large_image\" \/>\n<meta name=\"twitter:label1\" content=\"Gesch\u00e4tzte Lesezeit\" \/>\n\t<meta name=\"twitter:data1\" content=\"1\u00a0Minute\" \/>\n<script type=\"application\/ld+json\" class=\"yoast-schema-graph\">{\"@context\":\"https:\\\/\\\/schema.org\",\"@graph\":[{\"@type\":\"WebPage\",\"@id\":\"https:\\\/\\\/operado.de\\\/index.php\\\/kontakt\\\/\",\"url\":\"https:\\\/\\\/operado.de\\\/index.php\\\/kontakt\\\/\",\"name\":\"Kontakt - IT-Projektmanagement +++ LEGO\u00ae SERIOUS PLAY\u00ae Workshops\",\"isPartOf\":{\"@id\":\"https:\\\/\\\/operado.de\\\/#website\"},\"datePublished\":\"2023-08-22T06:50:04+00:00\",\"dateModified\":\"2025-03-31T16:10:50+00:00\",\"breadcrumb\":{\"@id\":\"https:\\\/\\\/operado.de\\\/index.php\\\/kontakt\\\/#breadcrumb\"},\"inLanguage\":\"de\",\"potentialAction\":[{\"@type\":\"ReadAction\",\"target\":[\"https:\\\/\\\/operado.de\\\/index.php\\\/kontakt\\\/\"]}]},{\"@type\":\"BreadcrumbList\",\"@id\":\"https:\\\/\\\/operado.de\\\/index.php\\\/kontakt\\\/#breadcrumb\",\"itemListElement\":[{\"@type\":\"ListItem\",\"position\":1,\"name\":\"Startseite\",\"item\":\"https:\\\/\\\/operado.de\\\/\"},{\"@type\":\"ListItem\",\"position\":2,\"name\":\"Kontakt\"}]},{\"@type\":\"WebSite\",\"@id\":\"https:\\\/\\\/operado.de\\\/#website\",\"url\":\"https:\\\/\\\/operado.de\\\/\",\"name\":\"IT-Projektmanagement +++ LEGO\u00ae SERIOUS PLAY\u00ae Workshops\",\"description\":\"\",\"publisher\":{\"@id\":\"https:\\\/\\\/operado.de\\\/#organization\"},\"potentialAction\":[{\"@type\":\"SearchAction\",\"target\":{\"@type\":\"EntryPoint\",\"urlTemplate\":\"https:\\\/\\\/operado.de\\\/?s={search_term_string}\"},\"query-input\":{\"@type\":\"PropertyValueSpecification\",\"valueRequired\":true,\"valueName\":\"search_term_string\"}}],\"inLanguage\":\"de\"},{\"@type\":\"Organization\",\"@id\":\"https:\\\/\\\/operado.de\\\/#organization\",\"name\":\"IT-Projektmanagement +++ LEGO\u00ae SERIOUS PLAY\u00ae Workshops\",\"url\":\"https:\\\/\\\/operado.de\\\/\",\"logo\":{\"@type\":\"ImageObject\",\"inLanguage\":\"de\",\"@id\":\"https:\\\/\\\/operado.de\\\/#\\\/schema\\\/logo\\\/image\\\/\",\"url\":\"https:\\\/\\\/operado.de\\\/wp-content\\\/uploads\\\/2023\\\/08\\\/operado_logo.png\",\"contentUrl\":\"https:\\\/\\\/operado.de\\\/wp-content\\\/uploads\\\/2023\\\/08\\\/operado_logo.png\",\"width\":600,\"height\":165,\"caption\":\"IT-Projektmanagement +++ LEGO\u00ae SERIOUS PLAY\u00ae Workshops\"},\"image\":{\"@id\":\"https:\\\/\\\/operado.de\\\/#\\\/schema\\\/logo\\\/image\\\/\"}}]}<\/script>\n<!-- \/ Yoast SEO plugin. -->","yoast_head_json":{"title":"Kontakt - IT-Projektmanagement +++ LEGO\u00ae SERIOUS PLAY\u00ae Workshops","robots":{"index":"index","follow":"follow","max-snippet":"max-snippet:-1","max-image-preview":"max-image-preview:large","max-video-preview":"max-video-preview:-1"},"canonical":"https:\/\/operado.de\/index.php\/kontakt\/","og_locale":"de_DE","og_type":"article","og_title":"Kontakt - IT-Projektmanagement +++ LEGO\u00ae SERIOUS PLAY\u00ae Workshops","og_description":"Kontaktanfrage operado GmbH Mintarder Weg 119 40885 Ratingen","og_url":"https:\/\/operado.de\/index.php\/kontakt\/","og_site_name":"IT-Projektmanagement +++ LEGO\u00ae SERIOUS PLAY\u00ae Workshops","article_modified_time":"2025-03-31T16:10:50+00:00","twitter_card":"summary_large_image","twitter_misc":{"Gesch\u00e4tzte Lesezeit":"1\u00a0Minute"},"schema":{"@context":"https:\/\/schema.org","@graph":[{"@type":"WebPage","@id":"https:\/\/operado.de\/index.php\/kontakt\/","url":"https:\/\/operado.de\/index.php\/kontakt\/","name":"Kontakt - IT-Projektmanagement +++ LEGO\u00ae SERIOUS PLAY\u00ae Workshops","isPartOf":{"@id":"https:\/\/operado.de\/#website"},"datePublished":"2023-08-22T06:50:04+00:00","dateModified":"2025-03-31T16:10:50+00:00","breadcrumb":{"@id":"https:\/\/operado.de\/index.php\/kontakt\/#breadcrumb"},"inLanguage":"de","potentialAction":[{"@type":"ReadAction","target":["https:\/\/operado.de\/index.php\/kontakt\/"]}]},{"@type":"BreadcrumbList","@id":"https:\/\/operado.de\/index.php\/kontakt\/#breadcrumb","itemListElement":[{"@type":"ListItem","position":1,"name":"Startseite","item":"https:\/\/operado.de\/"},{"@type":"ListItem","position":2,"name":"Kontakt"}]},{"@type":"WebSite","@id":"https:\/\/operado.de\/#website","url":"https:\/\/operado.de\/","name":"IT-Projektmanagement +++ LEGO\u00ae SERIOUS PLAY\u00ae Workshops","description":"","publisher":{"@id":"https:\/\/operado.de\/#organization"},"potentialAction":[{"@type":"SearchAction","target":{"@type":"EntryPoint","urlTemplate":"https:\/\/operado.de\/?s={search_term_string}"},"query-input":{"@type":"PropertyValueSpecification","valueRequired":true,"valueName":"search_term_string"}}],"inLanguage":"de"},{"@type":"Organization","@id":"https:\/\/operado.de\/#organization","name":"IT-Projektmanagement +++ LEGO\u00ae SERIOUS PLAY\u00ae Workshops","url":"https:\/\/operado.de\/","logo":{"@type":"ImageObject","inLanguage":"de","@id":"https:\/\/operado.de\/#\/schema\/logo\/image\/","url":"https:\/\/operado.de\/wp-content\/uploads\/2023\/08\/operado_logo.png","contentUrl":"https:\/\/operado.de\/wp-content\/uploads\/2023\/08\/operado_logo.png","width":600,"height":165,"caption":"IT-Projektmanagement +++ LEGO\u00ae SERIOUS PLAY\u00ae Workshops"},"image":{"@id":"https:\/\/operado.de\/#\/schema\/logo\/image\/"}}]}},"_links":{"self":[{"href":"https:\/\/operado.de\/index.php\/wp-json\/wp\/v2\/pages\/25","targetHints":{"allow":["GET"]}}],"collection":[{"href":"https:\/\/operado.de\/index.php\/wp-json\/wp\/v2\/pages"}],"about":[{"href":"https:\/\/operado.de\/index.php\/wp-json\/wp\/v2\/types\/page"}],"author":[{"embeddable":true,"href":"https:\/\/operado.de\/index.php\/wp-json\/wp\/v2\/users\/1"}],"replies":[{"embeddable":true,"href":"https:\/\/operado.de\/index.php\/wp-json\/wp\/v2\/comments?post=25"}],"version-history":[{"count":5,"href":"https:\/\/operado.de\/index.php\/wp-json\/wp\/v2\/pages\/25\/revisions"}],"predecessor-version":[{"id":2233,"href":"https:\/\/operado.de\/index.php\/wp-json\/wp\/v2\/pages\/25\/revisions\/2233"}],"wp:attachment":[{"href":"https:\/\/operado.de\/index.php\/wp-json\/wp\/v2\/media?parent=25"}],"curies":[{"name":"wp","href":"https:\/\/api.w.org\/{rel}","templated":true}]}}